{"id":782,"date":"2021-12-17T17:31:19","date_gmt":"2021-12-17T17:31:19","guid":{"rendered":"https:\/\/realizer.ag\/about-us\/"},"modified":"2025-02-27T14:44:00","modified_gmt":"2025-02-27T14:44:00","slug":"ueber-uns","status":"publish","type":"page","link":"https:\/\/realizer.ag\/de\/ueber-uns\/","title":{"rendered":"\u00dcber uns"},"content":{"rendered":"<div class=\"fusion-fullwidth fullwidth-box fusion-builder-row-1 fusion-flex-container nonhundred-percent-fullwidth non-hundred-percent-height-scrolling\" style=\"--awb-border-radius-top-left:0px;--awb-border-radius-top-right:0px;--awb-border-radius-bottom-right:0px;--awb-border-radius-bottom-left:0px;--awb-padding-right:100px;--awb-padding-left:100px;--awb-padding-right-medium:0px;--awb-padding-left-medium:0px;--awb-padding-right-small:0px;--awb-padding-left-small:0px;--awb-flex-wrap:wrap;\" ><div class=\"fusion-builder-row fusion-row fusion-flex-align-items-flex-start fusion-flex-content-wrap\" style=\"max-width:1456px;margin-left: calc(-4% \/ 2 );margin-right: calc(-4% \/ 2 );\"><div class=\"fusion-layout-column fusion_builder_column fusion-builder-column-0 fusion_builder_column_1_2 1_2 fusion-flex-column\" style=\"--awb-bg-size:cover;--awb-width-large:50%;--awb-margin-top-large:0px;--awb-spacing-right-large:3.84%;--awb-margin-bottom-large:20px;--awb-spacing-left-large:3.84%;--awb-width-medium:100%;--awb-order-medium:1;--awb-spacing-right-medium:1.92%;--awb-spacing-left-medium:1.92%;--awb-width-small:100%;--awb-order-small:1;--awb-spacing-right-small:1.92%;--awb-spacing-left-small:1.92%;\"><div class=\"fusion-column-wrapper fusion-column-has-shadow fusion-flex-justify-content-flex-start fusion-content-layout-column\"><div class=\"fusion-text fusion-text-1\" style=\"--awb-text-transform:none;\"><p style=\"font-size: 30px; font-family: 'Open Sans'; font-weight: bold;\" data-fusion-font=\"true\" data-fusion-google-font=\"Open Sans\" data-fusion-google-variant=\"700\">About us<\/p>\n<p>Nach jahrzehntelanger erfolgreicher T\u00e4tigkeit in der Softwareentwicklung f\u00fcr diverse Branchen und auf unterschiedlichen Plattformen, suchte unser Gr\u00fcnder zum Millenniumswechsel nach einer neuen Herausforderung: Er startete mit dem Aufbau seines erfolgreichen Vertriebsnetzwerkes, welches sehr rasch in Zahl und Umsatz w\u00e4chst.<\/p>\n<p>Bald f\u00e4ngt er an moderne Technologien wie CRM, Chats, Social Media, etc. einzusetzen um sein Netzwerk weiter auszubauen. Doch leider bleibt er mit den Ergebnissen unzufrieden. Die L\u00f6sungen sind nicht spezifisch genug und die Bedienbarkeit f\u00fcr die breite Masse nicht gegeben.<\/p>\n<p>Getrieben von seinem technischen Background und seinem Erfindergeist, beginnt er deshalb Vertriebsunterst\u00fctzungswerkzeuge f\u00fcr sich und seine Partner zu optimieren und zu entwickeln.<\/p>\n<p>2018 startet er auf Grundlage seiner gesammelten Erfahrungen mit einem neuen ambitionierten Projekt. Da die Duplikation der Schl\u00fcssel zum effektiven Aufbau eines (Gesch\u00e4fts-)Beziehungsnetzwerkes ist, entwickelt er ein vollkommen neues Tool ausgerichtet auf dieses einfache Erfolgsprinzip: Den Realizer.<\/p>\n<p>Um optimale Voraussetzungen f\u00fcr die Duplikation zu gew\u00e4hrleisten, legt er dabei besonderen Wert auf eine einfache und praxiserprobte Bedienbarkeit. Die vollst\u00e4ndige Anonymit\u00e4t im System bildet von Anfang an Vertrauen und sch\u00fctzt das Kontaktnetzwerk. Neben m\u00e4chtigen Kommunikationsfunktionen bietet der Realizer ma\u00dfgeschneiderte Werkzeuge f\u00fcr Information und Schulung, welche ebenfalls die Duplikation direkt unterst\u00fctzen.<\/p>\n<\/div><\/div><\/div><div class=\"fusion-layout-column fusion_builder_column fusion-builder-column-1 fusion_builder_column_1_2 1_2 fusion-flex-column fusion-flex-align-self-center fusion-animated\" style=\"--awb-padding-right:60px;--awb-padding-left:60px;--awb-padding-bottom-small:60px;--awb-bg-size:cover;--awb-width-large:50%;--awb-margin-top-large:0px;--awb-spacing-right-large:3.84%;--awb-margin-bottom-large:20px;--awb-spacing-left-large:3.84%;--awb-width-medium:100%;--awb-order-medium:0;--awb-spacing-right-medium:1.92%;--awb-spacing-left-medium:1.92%;--awb-width-small:100%;--awb-order-small:0;--awb-spacing-right-small:1.92%;--awb-spacing-left-small:1.92%;\" data-animationType=\"fadeIn\" data-animationDuration=\"5.0\" data-animationOffset=\"top-into-view\"><div class=\"fusion-column-wrapper fusion-column-has-shadow fusion-flex-justify-content-center fusion-content-layout-column\"><div class=\"fusion-image-element md-text-align-center sm-text-align-center\" style=\"--awb-caption-title-font-family:var(--h2_typography-font-family);--awb-caption-title-font-weight:var(--h2_typography-font-weight);--awb-caption-title-font-style:var(--h2_typography-font-style);--awb-caption-title-size:var(--h2_typography-font-size);--awb-caption-title-transform:var(--h2_typography-text-transform);--awb-caption-title-line-height:var(--h2_typography-line-height);--awb-caption-title-letter-spacing:var(--h2_typography-letter-spacing);\"><span class=\" fusion-imageframe imageframe-none imageframe-1 hover-type-none\"><img decoding=\"async\" width=\"550\" height=\"319\" title=\"realizer_port_550\" src=\"https:\/\/realizer.ag\/wp-content\/uploads\/2021\/12\/realizer_port_550.png\" alt class=\"img-responsive wp-image-406\" srcset=\"https:\/\/realizer.ag\/wp-content\/uploads\/2021\/12\/realizer_port_550-200x116.png 200w, https:\/\/realizer.ag\/wp-content\/uploads\/2021\/12\/realizer_port_550-400x232.png 400w, https:\/\/realizer.ag\/wp-content\/uploads\/2021\/12\/realizer_port_550.png 550w\" sizes=\"(max-width: 640px) 100vw, 550px\" \/><\/span><\/div><\/div><\/div><\/div><\/div>\n","protected":false},"excerpt":{"rendered":"","protected":false},"author":1,"featured_media":0,"parent":0,"menu_order":0,"comment_status":"closed","ping_status":"closed","template":"","meta":{"footnotes":""},"class_list":["post-782","page","type-page","status-publish","hentry"],"_links":{"self":[{"href":"https:\/\/realizer.ag\/de\/wp-json\/wp\/v2\/pages\/782","targetHints":{"allow":["GET"]}}],"collection":[{"href":"https:\/\/realizer.ag\/de\/wp-json\/wp\/v2\/pages"}],"about":[{"href":"https:\/\/realizer.ag\/de\/wp-json\/wp\/v2\/types\/page"}],"author":[{"embeddable":true,"href":"https:\/\/realizer.ag\/de\/wp-json\/wp\/v2\/users\/1"}],"replies":[{"embeddable":true,"href":"https:\/\/realizer.ag\/de\/wp-json\/wp\/v2\/comments?post=782"}],"version-history":[{"count":12,"href":"https:\/\/realizer.ag\/de\/wp-json\/wp\/v2\/pages\/782\/revisions"}],"predecessor-version":[{"id":892,"href":"https:\/\/realizer.ag\/de\/wp-json\/wp\/v2\/pages\/782\/revisions\/892"}],"wp:attachment":[{"href":"https:\/\/realizer.ag\/de\/wp-json\/wp\/v2\/media?parent=782"}],"curies":[{"name":"wp","href":"https:\/\/api.w.org\/{rel}","templated":true}]}}